{"id":5924,"date":"2024-03-28T15:06:37","date_gmt":"2024-03-28T14:06:37","guid":{"rendered":"https:\/\/kinderwunschaerztin.de\/?page_id=5924"},"modified":"2024-12-18T12:01:48","modified_gmt":"2024-12-18T11:01:48","slug":"dr-med-corinna-mann","status":"publish","type":"page","link":"https:\/\/kinderwunschaerztin.de\/en\/meine-aerztin\/dr-med-corinna-mann\/","title":{"rendered":"Dr. med. Corinna Mann"},"content":{"rendered":"\n    <section class=\"imagebg\" data-overlay=\"3\">\n        <div class=\"background-image-holder\"> <img alt=\"Kinderwunschpraxis M\u00fcnchen\" src=\"https:\/\/kinderwunschaerztin.de\/wp-content\/uploads\/Kinderwunschpraxis-Muenchen.jpg\"> <\/div>\n        <div class=\"container\">\n            <div class=\"row\">\n                <div class=\"col-sm-10 col-md-8\">\n                    <h1>Dr. med. Corinna Mann<\/h1>\n                    <hr>\n                    <h2>Fertility Doctor with a Holistic View<\/h2>\n                <\/div>\n            <\/div>\n            <!--end of row-->\n        <\/div>\n        <!--end of container-->\n    <\/section>\n    <section class=\"space--sm unpad--bottom switchable testimonial testimonial-1  switchable--switch\">\n        <div class=\"container\">\n            <div class=\"row\">\n                <div class=\"col-sm-6 col-md-5\"><img alt=\"Die Kinderwunsch\u00e4rztin - Dr. Corinna Mann\" src=\"https:\/\/kinderwunschaerztin.de\/wp-content\/uploads\/Dr.-Mann-Corinna.jpg\"><\/div>\n                <div class=\"col-sm-6\">\n                    <div class=\"switchable__text\">\n                        <blockquote>\n                            <p style=\"text-align: left;\">\u201cAs a mother of four children, I understand the desire to have baby very well. Children bring so much joy and enrich life! To enable other women to experience this, I am happy to assist them on their personal journey to parenthood.\u201d<\/p>\n                        <\/blockquote>\n                        <p class=\"lead\"><strong><span style=\"color: #f93450;\">Dr. med. Corinna Mann<\/span><\/strong><\/p>\n                    <\/div>\n                <\/div>\n            <\/div>\n            <!--end of row-->\n        <\/div>\n        <!--end of container-->\n    <\/section>\n    <section class=\"switchable feature-large  text-justify\">\n        <div class=\"container\">\n            <div class=\"row\">\n                <div class=\"col-sm-6 col-md-5\">\n                    <div class=\"switchable__text\">\n                        <h2>Dr. med. Corinna Mann<\/h2>\n                        <p>(Founder)<\/p>\n                        <p>If you've been trying to conceive without success, don't feel discouraged. Dr. Corinna Mann has been helping women of all ages fulfill their dream of having a child since 2009.<\/p>\n                        <p>As a specialist in the field, Dr. Corinna Mann is a board-certified gynecologist and obstetrician with a focus on gynecological endocrinology and reproductive medicine. With her expertise, she tailors the right treatment plan for each individual, drawing from specialized knowledge in genetic counseling and psychosomatic care to provide comprehensive support to her patients.<\/p>\n                        <p>Dr. Corinna Mann values open and trustful conversations with her patients, understanding where they stand and what steps they've already taken in their fertility journey. She empowers her patients with self-help strategies and prioritizes exhausting conservative methods before considering assisted reproductive techniques. However, should pregnancy remain elusive, she offers access to the full spectrum of modern medical interventions.<\/p>\n                        <p>Remaining abreast of the latest research, Dr. Corinna Mann regularly participates in conferences and lectures to fellow specialists, emphasizing a holistic approach to diagnosis and treatment, focusing on both the woman and the couple.<\/p>\n                        <p>Dr. Corinna Mann is married and the proud mother of four children herself.<\/p>\n                    <\/div>\n                <\/div>\n                <div class=\"col-sm-6\">\n                    <div class=\"boxed boxed--lg boxed--border\">\n                        <div class=\"feature feature-2\"> <i class=\"icon color--primary icon-Medical-Sign\"><\/i>\n                            <div class=\"feature__body\">\n                                <h5><span>First-Class Evidence-Based Medicine<\/span><\/h5>\n                                <p><span>I practice based on the latest medical and scientifically grounded insights. My experience from years of work at the university hospital, as an author of scientific publications, and as a medical expert are the basis for my current work as a specialist in reproductive medicine and female hormones.<\/span><\/p>\n                            <\/div>\n                        <\/div>\n                        <!--end feature-->\n                        <div class=\"feature feature-2\"> <i class=\"icon color--primary icon-Gears\"><\/i>\n                            <div class=\"feature__body\">\n                                <h5><span>Holistic Approach<\/span><\/h5>\n                                <p><span>During your diagnosis and treatment, I take your personal situation, health and history into account. My therapy recommendations are formulated from a holistic perspective with a broad spectrum of options. Sometimes, I can assist you through supportive methods and relatively simple and short cycle optimization; other times, it may require a longer journey and methods such as <a href=\"https:\/\/kinderwunschaerztin.de\/en\/kinderwunsch\/ivf-icsi\/\">IVF or ICSI treatment<\/a> to fulfill your desire for a child.<\/span><\/p>\n                            <\/div>\n                        <\/div>\n                        <!--end feature-->\n                        <div class=\"feature feature-2\"> <i class=\"icon color--primary icon-Find-User\"><\/i>\n                            <div class=\"feature__body\">\n                                <h5><span>Personalized Care<\/span><\/h5>\n                                <p>I dedicate all my skills and full commitment to your health and your desire for a child. I look forward to welcoming you to my fertility clinic in Munich in a pleasant and calm environment, building a trustful relationship, and personally accompanying and treating you on your journey to parenthood or the treatment of your hormonal issues.<\/p>\n                            <\/div>\n                        <\/div>\n                        <div class=\"feature feature-2\"> <i class=\"icon color--primary icon-Speach-Bubble\"><\/i>\n                            <div class=\"feature__body\">\n                                <h5><span>Languages<\/span><\/h5>\n                                <p>German and English.<\/p>\n                            <\/div>\n                        <\/div>\n                        <!--end feature-->\n                    <\/div>\n                <\/div>\n            <\/div>\n            <!--end of row-->\n        <\/div>\n        <!--end of container-->\n    <\/section>\n    <section class=\"space--xs  bg--primary\">\n        <div class=\"container\">\n            <div class=\"row\">\n                <div class=\"cta cta--horizontal text-center-xs\">\n                    <div class=\"col-sm-4\">\n                        <h4><b>Would you like to make an appointment for an initial consultation? <\/b><\/h4>\n                    <\/div>\n                    <div class=\"col-sm-5\">\n                        <p class=\"lead\">We look forward to accompanying you personally.<\/p>\n                    <\/div>\n                    <div class=\"col-sm-3 text-right text-center-xs\">\n                        <a class=\"btn btn--primary type--uppercase\" href=\"https:\/\/app.arzt-direkt.de\/kinderwunschaerztin\/booking\" target=\"\" title=\"\" rel=\"\"> <span class=\"btn__text\">Book An Appointment<\/span> <\/a>\n                    <\/div>\n                <\/div>\n            <\/div>\n            <!--end of row-->\n        <\/div>\n        <!--end of container-->\n    <\/section>\n    <section class=\"switchable\">\n        <div class=\"container\">\n            <div class=\"row\">\n                <div class=\"col-sm-8 col-md-7\">\n                    <h3>Qualification<\/h3>\n                    <hr>\n                    <p class=\"lead\"><strong><span style=\"color: #f93450;\">\u2192<\/span> <span>Specialist in Gynecology and Obstetrics<\/span><\/strong> (<span>Bavarian State Chamber of Physicians<\/span>)<\/p>\n                    <p class=\"lead\"><strong><span style=\"color: #f93450;\">\u2192 <\/span><\/strong><span>Aditional qualification<\/span>: <strong><span>Gynecological Endocrinology and Reproductive Medicine<\/span><\/strong> (B<span>avarian State Chamber of Physicians<\/span>)<\/p>\n                    <p class=\"lead\"><strong><span style=\"color: #f93450;\">\u2192<\/span> <span>Qualification for specialist genetic counseling<\/span><\/strong><\/p>\n                    <p class=\"lead\"><strong><span style=\"color: #f93450;\">\u2192<\/span> <span>Further training in psychosomatic basic care<\/span><\/strong> (<span>Bavarian State Chamber of Physicians<\/span>)<\/p>\n                    <p class=\"lead\"><strong><span style=\"color: #f93450;\">\u2192<\/span> <span>Medical license, Degree in Human Medicine, Ludwig Maximilian University of Munich<\/span><\/strong>, <span>Medical Examination Grade: Very Good<\/span><\/p>\n                    <p class=\"lead\"><strong><span style=\"color: #f93450;\">\u2192<\/span> <span>Doctoral degree (magna cum laude) <\/span><\/strong><span>Title of dissertation: \"Effects of Prostaglandin E2 and EP receptor agonists on the maturation, antigen uptake, and antigen presentation of human monocyte-derived dendritic cells\", Ludwig Institute for Cancer Research, Melbourne, Australia<\/span><\/p>\n                <\/div>\n                <div class=\"col-sm-4 col-md-4\">\n                    <div class=\"text-block\"><a id=\"zl-url\" class=\"zl-url\" href=\"https:\/\/www.jameda.de\/corinna-mann-2\/frauenarzt-gynaekologe-reproduktionsmedizin-gynaekologische-endokrinologie-reproduktionsmedizin\/muenchen\" rel=\"nofollow\" data-zlw-doctor=\"corinna-mann-2\" data-zlw-type=\"big\" data-zlw-opinion=\"true\" data-zlw-hide-branding=\"true\">Corinna Mann - jameda.de<\/a><\/div>\n                <\/div>\n            <\/div>\n            <!--end of row-->\n        <\/div>\n        <!--end of container-->\n    <\/section>\n    <section>\n        <div class=\"container\">\n            <div class=\"row\">\n                <div class=\"col-sm-12\">\n                    <h3>Professional Experiences<\/h3>\n                    <hr>\n                    <p class=\"lead\"><strong>Since 2019&nbsp; <\/strong><span>Founder of own Fertility Clinic<\/span>: 'Die Kinderwunsch\u00e4rztin', Munich<\/p>\n                    <p class=\"lead\"><strong>2017 \u2013 2019&nbsp; <\/strong><span>Senior Physician, Deputy Site Manager of the Hormone and Fertility Center at the I. Women's Clinic of Ludwig Maximilian University (LMU) Munich <\/span>(Director: Prof. Dr. med. Sven Mahner)<\/p>\n                    <p class=\"lead\"><strong>2014 \u2013 2017&nbsp; <\/strong><span>Senior Physician \u2013 Fertility Center Goldenes Kreuz, Vienna, Austria (Headed by <\/span> Prof. Dr. Heinz Strohmer and Prof. Dr. Andreas Obruca)<\/p>\n                    <p class=\"lead\"><strong>2013 \u2013 2014 <\/strong><span>Specialist in Obstetrics and Gynecology, Center for Gynecological Endocrinology and Reproductive Medicine<\/span> (Headed by: Prof. Dr. med. Christian J. Thaler), LMU Munich<\/p>\n                    <p class=\"lead\"><strong>2008 \u2013 2013 &nbsp;<\/strong><span>Resident Physician and Training in Gynecological Endocrinology, Endocrinology Clinic, Fertility Working Group (Headed by Prof. Dr. med. Markus S. Kupka), I. Women's Clinic of Ludwig Maximilian University (LMU) Munich (Director: Prof. Dr. med. Klaus Friese), Hospital of Ludwig Maximilian University (LMU) Munich<\/span><\/p>\n                    <p class=\"lead\"><strong>2006 \u2013 2007&nbsp; <\/strong><span>Practical Year: Harvard Medical School, Massachusetts General Hospital, Boston; Clinica Santa Chiara, Locarno, Hospital of the University of Munich<\/span><\/p>\n                    <p class=\"lead\"><strong>2005&nbsp; <\/strong><span>USA\/Europe Medical Educational Exchange Project, Weill Medical College, Cornell University, New York<\/span><\/p>\n                    <p class=\"lead\"><strong>2003 \u2013 2004 &nbsp; <\/strong><span>Research Stay, Ludwig Institute for Cancer Research, Melbourne (MD scholarship from the Boehringer Ingelheim Foundation)<\/span><\/p>\n                    <p class=\"lead\"><strong>2001 \u2013 2007&nbsp;&nbsp; <\/strong><span>Medical Studies at Ludwig Maximilian University Munich and Harvard Medical School Boston<\/span><\/p>\n                    <p>&nbsp;<\/p>\n                    <h3><span>Additional Professional Activities<\/span><\/h3>\n                    <hr>\n                    <p class=\"lead\">Seit 2018 &nbsp;<span>Medical Advisor, FERTILA, Online Platform for People with Unfulfilled Fertility<\/span><\/p>\n                    <p class=\"lead\">Seit 2017&nbsp; <span>Medical Consulting for mimeno, Menopause App<\/span><\/p>\n                    <p class=\"lead\">2018 \u2013 2019&nbsp; <span>Medical Consulting for mimeno, Menopause App<\/span><\/p>\n                    <p class=\"lead\">2014 \u2013 2017&nbsp; <span>Reviewer for \"Archives of Gynecology &amp; Obstetrics\"<\/span><\/p>\n                    <p class=\"lead\">2008 \u2013 2018&nbsp; <span>Selection Committee for the Scholarship of the Munich-Harvard Alliance for Medical Education<\/span><\/p>\n                    <p>&nbsp;<\/p>\n                    <h3><span>Memberships<\/span><\/h3>\n                    <hr>\n                    <p class=\"lead\">ESHRE \u2013 European Society of Human Reproduction and Embryology<\/p>\n                    <p class=\"lead\">BRZ - <span>Federal Association of Reproductive Medicine Centers in Germany e. V. (BRZ)<\/span><\/p>\n                    <p class=\"lead\">DGGG \u2013 <span>German Society of Gynecology and Obstetrics<\/span><\/p>\n                    <p class=\"lead\">BGGF \u2013 <span>Bavarian Society of Obstetrics and Gynecology<\/span><\/p>\n                    <p class=\"lead\"><span>Austrian Society for Sterility, Fertility and Endocrinology<\/span><\/p>\n                    <p class=\"lead\">Harvard-Club Munich<\/p>\n                <\/div>\n            <\/div>\n        <\/div>\n    <\/section>\n    <section class=\"text-center unpad--bottom switchable cta cta-3  bg--secondary\">\n        <div class=\"container\">\n            <div class=\"row\">\n                <div class=\"col-sm-6 col-md-7\">\n                    <div class=\"switchable__text\">\n                        \n                            <p class=\"lead\"><span>Would you likte to prepare for your time trying to conceive and attend our special consultation for pregnancy advice? You can reach our fertility clinic in Munich at<\/span><a href=\"tel:08912359565\">089\/123 595 65<\/a> or <a href=\"mailto:hallo@kinderwunschaerztin.de\">hallo@kinderwunschaerztin.de<\/a> <span> We look forward to accompanying you personally!<\/span><\/p>\n                        \n                        <a class=\"btn btn--primary type--uppercase inner-link\" href=\"https:\/\/app.arzt-direkt.de\/kinderwunschaerztin\/booking\" target=\"\" title=\"\" rel=\"\"> <span class=\"btn__text\">Book an appointment<\/span><span class=\"label\">Via VIDEO<\/span> <\/a>\n                    <\/div>\n                <\/div>\n                <div class=\"col-sm-6 col-md-5\"> <img alt=\"Dr. Corinna Mann Kinderwunscharzt in M\u00fcnchen\" class=\"block\" src=\"https:\/\/kinderwunschaerztin.de\/wp-content\/uploads\/Dr.-Corinna-Mann-Kinderwunscharzt-in-Muenchen.jpg\"> <\/div>\n            <\/div>\n            <!--end of row-->\n        <\/div>\n        <!--end of container-->\n    <\/section>\n    \n","protected":false},"excerpt":{"rendered":"<p>Dr. med. Corinna Mann Fertility Doctor with a Holistic View \u201cAs a mother of four children, I understand the desire to have&#8230;<\/p>\n","protected":false},"author":4,"featured_media":0,"parent":743,"menu_order":0,"comment_status":"closed","ping_status":"closed","template":"","meta":{"footnotes":""},"class_list":["post-5924","page","type-page","status-publish","hentry"],"yoast_head":"<!-- This site is optimized with the Yoast SEO plugin v24.5 - https:\/\/yoast.com\/wordpress\/plugins\/seo\/ -->\n<title>Dr. med. Corinna Mann - Your Fertility Doctor in Munich<\/title>\n<meta name=\"description\" content=\"As a specialist in the diagnosis and treatment of infertility, Dr. Mann provides comprehensive advice and treatment in fertility clinic in Munich.\" \/>\n<meta name=\"robots\" content=\"noindex, follow\" \/>\n<meta property=\"og:locale\" content=\"en_US\" \/>\n<meta property=\"og:type\" content=\"article\" \/>\n<meta property=\"og:title\" content=\"Dr. med. Corinna Mann - Your Fertility Doctor in Munich\" \/>\n<meta property=\"og:description\" content=\"As a specialist in the diagnosis and treatment of infertility, Dr. Mann provides comprehensive advice and treatment in fertility clinic in Munich.\" \/>\n<meta property=\"og:url\" content=\"https:\/\/kinderwunschaerztin.de\/en\/meine-aerztin\/dr-med-corinna-mann\/\" \/>\n<meta property=\"og:site_name\" content=\"Dr. med. Corinna Mann - Die Kinderwunsch\u00e4rztin\" \/>\n<meta property=\"article:modified_time\" content=\"2024-12-18T11:01:48+00:00\" \/>\n<meta name=\"twitter:card\" content=\"summary_large_image\" \/>\n<meta name=\"twitter:label1\" content=\"Est. reading time\" \/>\n\t<meta name=\"twitter:data1\" content=\"6 minutes\" \/>\n<!-- \/ Yoast SEO plugin. -->","yoast_head_json":{"title":"Dr. med. Corinna Mann - Your Fertility Doctor in Munich","description":"As a specialist in the diagnosis and treatment of infertility, Dr. Mann provides comprehensive advice and treatment in fertility clinic in Munich.","robots":{"index":"noindex","follow":"follow"},"og_locale":"en_US","og_type":"article","og_title":"Dr. med. Corinna Mann - Your Fertility Doctor in Munich","og_description":"As a specialist in the diagnosis and treatment of infertility, Dr. Mann provides comprehensive advice and treatment in fertility clinic in Munich.","og_url":"https:\/\/kinderwunschaerztin.de\/en\/meine-aerztin\/dr-med-corinna-mann\/","og_site_name":"Dr. med. Corinna Mann - Die Kinderwunsch\u00e4rztin","article_modified_time":"2024-12-18T11:01:48+00:00","twitter_card":"summary_large_image","twitter_misc":{"Est. reading time":"6 minutes"},"schema":{"@context":"https:\/\/schema.org","@graph":[{"@type":"WebPage","@id":"https:\/\/kinderwunschaerztin.de\/en\/meine-aerztin\/dr-med-corinna-mann\/","url":"https:\/\/kinderwunschaerztin.de\/en\/meine-aerztin\/dr-med-corinna-mann\/","name":"Dr. med. Corinna Mann - Your Fertility Doctor in Munich","isPartOf":{"@id":"https:\/\/kinderwunschaerztin.de\/en\/#website"},"datePublished":"2024-03-28T14:06:37+00:00","dateModified":"2024-12-18T11:01:48+00:00","description":"As a specialist in the diagnosis and treatment of infertility, Dr. Mann provides comprehensive advice and treatment in fertility clinic in Munich.","breadcrumb":{"@id":"https:\/\/kinderwunschaerztin.de\/en\/meine-aerztin\/dr-med-corinna-mann\/#breadcrumb"},"inLanguage":"en-US","potentialAction":[{"@type":"ReadAction","target":["https:\/\/kinderwunschaerztin.de\/en\/meine-aerztin\/dr-med-corinna-mann\/"]}]},{"@type":"BreadcrumbList","@id":"https:\/\/kinderwunschaerztin.de\/en\/meine-aerztin\/dr-med-corinna-mann\/#breadcrumb","itemListElement":[{"@type":"ListItem","position":1,"name":"Kinderwunsch\u00e4rztin","item":"https:\/\/kinderwunschaerztin.de\/en\/"},{"@type":"ListItem","position":2,"name":"Meine \u00c4rztin","item":"https:\/\/kinderwunschaerztin.de\/en\/?page_id=743"},{"@type":"ListItem","position":3,"name":"Dr. med. Corinna Mann"}]},{"@type":"WebSite","@id":"https:\/\/kinderwunschaerztin.de\/en\/#website","url":"https:\/\/kinderwunschaerztin.de\/en\/","name":"Dr. med. Corinna Mann - Die Kinderwunsch\u00e4rztin","description":"Privatpraxis f\u00fcr Kinderwunsch und Frauenhormone in M\u00fcnchen","publisher":{"@id":"https:\/\/kinderwunschaerztin.de\/en\/#organization"},"potentialAction":[{"@type":"SearchAction","target":{"@type":"EntryPoint","urlTemplate":"https:\/\/kinderwunschaerztin.de\/en\/?s={search_term_string}"},"query-input":{"@type":"PropertyValueSpecification","valueRequired":true,"valueName":"search_term_string"}}],"inLanguage":"en-US"},{"@type":"Organization","@id":"https:\/\/kinderwunschaerztin.de\/en\/#organization","name":"Dr. med. Corinna Mann | Kinderwunsch\u00e4rztin","url":"https:\/\/kinderwunschaerztin.de\/en\/","logo":{"@type":"ImageObject","inLanguage":"en-US","@id":"https:\/\/kinderwunschaerztin.de\/en\/#\/schema\/logo\/image\/","url":"https:\/\/kinderwunschaerztin.de\/wp-content\/uploads\/2019\/03\/CM_Favicon.png","contentUrl":"https:\/\/kinderwunschaerztin.de\/wp-content\/uploads\/2019\/03\/CM_Favicon.png","width":954,"height":725,"caption":"Dr. med. Corinna Mann | Kinderwunsch\u00e4rztin"},"image":{"@id":"https:\/\/kinderwunschaerztin.de\/en\/#\/schema\/logo\/image\/"}}]}},"_links":{"self":[{"href":"https:\/\/kinderwunschaerztin.de\/en\/wp-json\/wp\/v2\/pages\/5924","targetHints":{"allow":["GET"]}}],"collection":[{"href":"https:\/\/kinderwunschaerztin.de\/en\/wp-json\/wp\/v2\/pages"}],"about":[{"href":"https:\/\/kinderwunschaerztin.de\/en\/wp-json\/wp\/v2\/types\/page"}],"author":[{"embeddable":true,"href":"https:\/\/kinderwunschaerztin.de\/en\/wp-json\/wp\/v2\/users\/4"}],"replies":[{"embeddable":true,"href":"https:\/\/kinderwunschaerztin.de\/en\/wp-json\/wp\/v2\/comments?post=5924"}],"version-history":[{"count":12,"href":"https:\/\/kinderwunschaerztin.de\/en\/wp-json\/wp\/v2\/pages\/5924\/revisions"}],"predecessor-version":[{"id":6634,"href":"https:\/\/kinderwunschaerztin.de\/en\/wp-json\/wp\/v2\/pages\/5924\/revisions\/6634"}],"up":[{"embeddable":true,"href":"https:\/\/kinderwunschaerztin.de\/en\/wp-json\/wp\/v2\/pages\/743"}],"wp:attachment":[{"href":"https:\/\/kinderwunschaerztin.de\/en\/wp-json\/wp\/v2\/media?parent=5924"}],"curies":[{"name":"wp","href":"https:\/\/api.w.org\/{rel}","templated":true}]}}