{"id":5931,"date":"2024-03-28T10:07:24","date_gmt":"2024-03-28T09:07:24","guid":{"rendered":"https:\/\/kinderwunschaerztin.de\/?page_id=5931"},"modified":"2024-12-18T12:03:07","modified_gmt":"2024-12-18T11:03:07","slug":"dr-med-anja-albrecht","status":"publish","type":"page","link":"https:\/\/kinderwunschaerztin.de\/en\/meine-aerztin\/dr-med-anja-albrecht\/","title":{"rendered":"Dr. med. Anja Albrecht"},"content":{"rendered":"\n    <section class=\"imagebg space--md\" data-overlay=\"3\">\n        <div class=\"background-image-holder\"> <img alt=\"Dr. med. Anja Albrecht Kinderwunsch\u00e4rztin in M\u00fcnchen\" src=\"https:\/\/kinderwunschaerztin.de\/wp-content\/uploads\/Dr.-med.-Anja-Albrecht-Kinderwunschaerztin-in-Muenchen.jpg\"> <\/div>\n        <div class=\"container\">\n            <div class=\"row\">\n                <div class=\"col-sm-10 col-md-8\">\n                    <h1>Dr. med. Anja Albrecht<\/h1>\n                    <hr>\n                    <h2>Fertility Doctor with many Years of Experience<\/h2>\n                <\/div>\n            <\/div>\n            <!--end of row-->\n        <\/div>\n        <!--end of container-->\n    <\/section>\n    <section class=\"space--sm unpad--bottom switchable testimonial testimonial-1\">\n        <div class=\"container\">\n            <div class=\"row\">\n                <div class=\"col-sm-6 col-md-6\"><img alt=\"dr. med. Anja Albrecht\" src=\"https:\/\/kinderwunschaerztin.de\/wp-content\/uploads\/dr.-med.-Anja-Albrecht-.jpg\"><\/div>\n                <div class=\"col-sm-6\">\n                    <div class=\"switchable__text\">\n                        <blockquote>\n                            <p><em>\u201eThe most beautiful aspect of my profession as a fertility specialist is the trustbased relationship between patient and physician.Therefore, I want to support you - whether as an individual woman or as a couple - with my extensive experience in gynecology, obstetrics, and reproductive medicine, offering you my full attention on your unique path to fulfilling your desire to have children.\"<\/em><\/p>\n                        <\/blockquote>\n                        <h5><strong>Dr. med. Anja Albrecht<\/strong><\/h5>\n                        <p>&nbsp;<\/p>\n                    <\/div>\n                <\/div>\n            <\/div>\n            <!--end of row-->\n        <\/div>\n        <!--end of container-->\n    <\/section>\n    <section class=\"switchable feature-large  text-justify\">\n        <div class=\"container\">\n            <div class=\"row\">\n                <div class=\"col-sm-6 col-md-5\">\n                    <div class=\"switchable__text\">\n                        <h2>Dr. med. Anja Albrecht<\/h2>\n                        <ul>\n                            <li style=\"text-align: left;\">(Employee)<\/li>\n                        <\/ul>\n                        <div class=\"flex-1 overflow-hidden\">\n                            <div class=\"react-scroll-to-bottom--css-uioff-79elbk h-full\">\n                                <div class=\"react-scroll-to-bottom--css-uioff-1n7m0yu\">\n                                    <div class=\"flex flex-col text-sm pb-9\">\n                                        <div class=\"w-full text-token-text-primary\" data-testid=\"conversation-turn-109\">\n                                            <div class=\"px-4 py-2 justify-center text-base md:gap-6 m-auto\">\n                                                <div class=\"flex flex-1 text-base mx-auto gap-3 md:px-5 lg:px-1 xl:px-5 md:max-w-3xl lg:max-w-[[[[[40rem]]]]] xl:max-w-[[[[[48rem]]]]] group final-completion\">\n                                                    <div class=\"relative flex w-full flex-col agent-turn\">\n                                                        <div class=\"flex-col gap-1 md:gap-3\">\n                                                            <div class=\"flex flex-grow flex-col max-w-full\">\n                                                                <div class=\"min-h-[[[[[20px]]]]] text-message flex flex-col items-start gap-3 whitespace-pre-wrap break-words [[[[[.text-message+&amp;]]]]]:mt-5 overflow-x-auto\" data-message-author-role=\"assistant\" data-message-id=\"28b1edfb-afb5-4c7b-b83d-12f75da96d7d\">\n                                                                    <div class=\"markdown prose w-full break-words dark:prose-invert light\">\n                                                                        <p>When the desire for a child arises and a pregnancy has not occurred spontaneously after six months to a year, feelings of uncertainty and concern may increase.<\/p>\n                                                                        <p>Do not hesitate to seek professional help at this point.<span style=\"font-size: 1em;\">There are many different ways to have children.<\/span><span style=\"font-size: 1em;\"> We offer the full range of services shown to improve fertility and increasing chances of a healthy pregnancy.<\/span><\/p>\n                                                                        <p>Dr. Anja Albrecht has been familiar with the treatment of fertility patients since her university training as a specialist in gynecology and obstetrics. During her specialization in endocrinology and reproductive medicine, she gained comprehensive experience in contemporary fertility treatment and practice it in all its facets.<\/p>\n                                                                        <p>A detailed consultation, taking into account all aspects of a possible therapy, is very important to her. During a calm, trusting conversation, Dr. Anja Albrecht&nbsp; will certainly find the best path for you.<\/p>\n                                                                    <\/div>\n                                                                <\/div>\n                                                            <\/div>\n                                                            <div class=\"mt-1 flex justify-start gap-3 empty:hidden\">\n                                                                <div class=\"text-gray-400 flex self-end lg:self-center items-center justify-center lg:justify-start mt-0 -ml-1 h-7 gap-[[[[[2px]]]]] visible\">&nbsp;<\/div>\n                                                            <\/div>\n                                                            <div class=\"pr-2 lg:pr-0\">&nbsp;<\/div>\n                                                        <\/div>\n                                                        <div class=\"absolute\">\n                                                            <div class=\"flex w-full gap-2 items-center justify-center\">&nbsp;<\/div>\n                                                        <\/div>\n                                                    <\/div>\n                                                <\/div>\n                                            <\/div>\n                                        <\/div>\n                                    <\/div>\n                                <\/div>\n                            <\/div>\n                        <\/div>\n                        <div class=\"w-full pt-2 md:pt-0 dark:border-white\/20 md:border-transparent md:dark:border-transparent md:w-[[[[[calc(100%-.5rem)]]]]]]]\">\n                            <form class=\"stretch mx-2 flex flex-row gap-3 last:mb-2 md:mx-4 md:last:mb-6 lg:mx-auto lg:max-w-2xl xl:max-w-3xl\">\n                                <div class=\"relative flex h-full flex-1 flex-col\">\n                                    <div class=\"absolute bottom-full left-0 right-0\">&nbsp;<\/div>\n                                    <div class=\"flex w-full items-center\">&nbsp;<\/div>\n                                <\/div>\n                            <\/form>\n                        <\/div>\n                    <\/div>\n                <\/div>\n                <div class=\"col-sm-6\">\n                    <div class=\"boxed boxed--lg boxed--border\">\n                        <div class=\"feature feature-2\"> <i class=\"icon color--primary icon-Medical-Sign\"><\/i>\n                            <div class=\"feature__body\">\n                                <h5><span>First-Class Evidence-Based Medicine<\/span><\/h5>\n                                <p><span>Dr. Anja Albrecht, a highly experienced specialist in gynecology and obstetrics, is familiar with treating patients with fertility concerns.&nbsp;<\/span><\/p>\n                            <\/div>\n                        <\/div>\n                        <!--end feature-->\n                        <div class=\"feature feature-2\"> <i class=\"icon color--primary icon-Gears\"><\/i>\n                            <div class=\"feature__body\">\n                                <h5><span>Years of Experience<\/span><\/h5>\n                                <p><span>During comprehensive consultations and treatment, I take into account your unique situation, health, and medical history. My therapy recommendations are based on my extensive experience as a specialist in gynecology and obstetrics. Sometimes, I can help you with supportive methods and a comparatively simple and short cycle optimization, while other times, achieving your fertility goals may require more extensive methods such as IVF or ICSI treatments<\/span>.<\/p>\n                            <\/div>\n                        <\/div>\n                        <!--end feature-->\n                        <div class=\"feature feature-2\"> <i class=\"icon color--primary icon-Find-User\"><\/i>\n                            <div class=\"feature__body\">\n                                <h5><span style=\"font-size: 1em;\">P<span>ersonalized Care<\/span><\/span>\n                                <\/h5>\n                                <p><span>I dedicate all my knowledge and commitment to your health and fertility journey. I look forward to welcoming you to the fertility clinic \u00b4<span>Die Kinderwunsch\u00e4rztin`<\/span>. Building a trusting relationship is important to me, and I am eager to personally accompany and support you on your path to parenthood or in addressing your hormonal concerns<\/span>.<\/p>\n                            <\/div>\n                        <\/div>\n                        <div class=\"feature feature-2\"> <i class=\"icon color--primary icon-Speach-Bubble\"><\/i>\n                            <div class=\"feature__body\">\n                                <h5>Languages<\/h5>\n                                <p>German, French and English.&nbsp;<\/p>\n                            <\/div>\n                        <\/div>\n                        <!--end feature-->\n                    <\/div>\n                <\/div>\n            <\/div>\n            <!--end of row-->\n        <\/div>\n        <!--end of container-->\n    <\/section>\n    <section class=\"space--xs  bg--primary\">\n        <div class=\"container\">\n            <div class=\"row\">\n                <div class=\"cta cta--horizontal text-center-xs\">\n                    <div class=\"col-sm-4\">\n                        <h4><b>Would you like to make an appointment for an initial consultation<\/b><b>? <\/b><\/h4>\n                    <\/div>\n                    <div class=\"col-sm-5\">\n                        <p class=\"lead\">We look forward to accompanying you personally! <\/p>\n                    <\/div>\n                    <div class=\"col-sm-3 text-right text-center-xs\">\n                        <a class=\"btn btn--primary type--uppercase\" href=\"https:\/\/app.arzt-direkt.de\/kinderwunschaerztin\/booking\" target=\"\" title=\"\" rel=\"\"> <span class=\"btn__text\">Make an Appointment<\/span> <\/a>\n                    <\/div>\n                <\/div>\n            <\/div>\n            <!--end of row-->\n        <\/div>\n        <!--end of container-->\n    <\/section>\n    <section>\n        <div class=\"container\">\n            <div class=\"row\">\n                <div class=\"col-md-6 col-sm-12\">\n                    <h3>Qualification<\/h3>\n                    <hr>\n                    <p class=\"lead\"><strong><span style=\"color: #f93450;\">\u2192<\/span> <span>Specialist in Obstetrics and Gynecology<\/span><\/strong> (<span>Physicians' Chamber of Westphalia-Lippe, M\u00fcnster<\/span>)<\/p>\n                    <p class=\"lead\"><strong><span style=\"color: #f93450;\">\u2192 <\/span><\/strong><span>Additional Qualification:<\/span>: <strong><span>Gynecological Endocrinology and Reproductive Medicine<\/span><\/strong> (B<span>avarian State Chamber of Physicians<\/span>)<\/p>\n                    <p class=\"lead\"><strong><span style=\"color: #f93450;\">\u2192<\/span> F<span>urther Training in Psychosomatic Primary Care<\/span><\/strong> (<span>Physicians' Chamber of Westphalia-Lippe, M\u00fcnster<\/span>)<\/p>\n                    <p class=\"lead\"><strong><span style=\"color: #f93450;\">\u2192 <\/span><\/strong><strong><span>Medical License, Eberhard Karls University of<\/span> T\u00fcbingen<\/strong><\/p>\n                    <p class=\"lead\"><strong><span style=\"color: #f93450;\">\u2192 <\/span><\/strong><strong><span><span>Doctoral Degree<\/span><\/span><\/strong><span> (<span>Dissertation Title: \"Concepts and Instructions for Arbitrary Gender Determination in the 18th Century\"), Eberhard Karls University of<\/span> T\u00fcbingen)<\/span>\n                    <\/p>\n                    <p>&nbsp;<\/p>\n                    <p>&nbsp;<\/p>\n                <\/div>\n                <div class=\"col-md-6 col-sm-12\"><a id=\"zl-url\" class=\"zl-url\" href=\"https:\/\/www.jameda.de\/anja-albrecht-4\/frauenarzt-gynaekologe-reproduktionsmedizin-gynaekologische-endokrinologie-reproduktionsmedizin\/muenchen\" rel=\"nofollow\" data-zlw-doctor=\"anja-albrecht-4\" data-zlw-type=\"big\" data-zlw-opinion=\"true\" data-zlw-hide-branding=\"true\">Anja Albrecht - jameda.de<\/a><\/div>\n            <\/div>\n        <\/div>\n    <\/section>\n    <section>\n        <div class=\"container\">\n            <div class=\"row\">\n                <div class=\"col-sm-12\">\n                    <h3><span>Professional Experience<\/span><\/h3>\n                    <hr>\n                    <p class=\"lead\"><strong>Since 2021 <\/strong><span><span>Fertility Specialist at the Fertility Clinic of Dr. med. Corinna Mann 'Die Kinderwunsch\u00e4rztin'<\/span><\/span>\n                    <\/p>\n                    <p class=\"lead\"><strong>2020-2021 <\/strong><span>Specialist with a focus on Gynecological Endocrinology and Reproductive Medicine at the Fertility Center Munich-Pasing<\/span><\/p>\n                    <p class=\"lead\"><strong>2014\u20132020&nbsp; <\/strong><span>Specialist in training in Gynecological Endocrinology and Reproductive Medicine at the Fertility Center Munich-Pasing<\/span><\/p>\n                    <p class=\"lead\"><strong>2009\u20132014&nbsp; <\/strong><span>Specialist in gynecological practices in Munich<\/span><\/p>\n                    <p class=\"lead\"><strong>2005\u20132006&nbsp; <\/strong><span>Specialist at the Women's Clinic Bamberg<\/span><\/p>\n                    <p class=\"lead\"><strong>2000\u20132003&nbsp; <\/strong>A<span>ssistant Doctor \/ Specialist at the University Women's Clinic M\u00fcnster under the supervision of Prof. Dr. med. L. Kiesel<\/span><\/p>\n                    <p class=\"lead\"><strong>1998\u20132000&nbsp; <\/strong><span>Intern Doctor \/ Assistant Doctor at the University Women's Clinic T\u00fcbingen under the supervision of Prof. Dr. med. H. Hirsch and Prof. Dr. med. D. Wallwiener<\/span><\/p>\n                    <p class=\"lead\"><strong>1997&nbsp; <\/strong><span>Doctorate based on a dissertation on \"Concepts and Instructions for Arbitrary Gender Determination in the 18th Century\" (Eberhard-Karls-Universit\u00e4t T\u00fcbingen)<\/span><\/p>\n                    <p class=\"lead\"><strong>1989\u20131996&nbsp; <\/strong>S<span>tudy of Human Medicine at the Universities of T\u00fcbingen, Bordeaux, and Strasbourg<\/span><\/p>\n                    <p class=\"lead\">&nbsp;<\/p>\n                <\/div>\n            <\/div>\n        <\/div>\n    <\/section>\n    \n","protected":false},"excerpt":{"rendered":"<p>Dr. med. Anja Albrecht Fertility Doctor with many Years of Experience \u201eThe most beautiful aspect of my profession as a fertility specialist&#8230;<\/p>\n","protected":false},"author":4,"featured_media":0,"parent":743,"menu_order":0,"comment_status":"closed","ping_status":"closed","template":"","meta":{"footnotes":""},"class_list":["post-5931","page","type-page","status-publish","hentry"],"yoast_head":"<!-- This site is optimized with the Yoast SEO plugin v24.5 - https:\/\/yoast.com\/wordpress\/plugins\/seo\/ -->\n<title>Dr. med. Anja Albrecht | Fertility Doctor in Munich<\/title>\n<meta name=\"description\" content=\"The fertility doctor Dr. med. Anja Albrecht is an experienced specialist in gynecology and obstetrics. Make an appointment online now\" \/>\n<meta name=\"robots\" content=\"noindex, follow\" \/>\n<meta property=\"og:locale\" content=\"en_US\" \/>\n<meta property=\"og:type\" content=\"article\" \/>\n<meta property=\"og:title\" content=\"Dr. med. Anja Albrecht | Fertility Doctor in Munich\" \/>\n<meta property=\"og:description\" content=\"The fertility doctor Dr. med. Anja Albrecht is an experienced specialist in gynecology and obstetrics. Make an appointment online now\" \/>\n<meta property=\"og:url\" content=\"https:\/\/kinderwunschaerztin.de\/en\/meine-aerztin\/dr-med-anja-albrecht\/\" \/>\n<meta property=\"og:site_name\" content=\"Dr. med. Corinna Mann - Die Kinderwunsch\u00e4rztin\" \/>\n<meta property=\"article:modified_time\" content=\"2024-12-18T11:03:07+00:00\" \/>\n<meta name=\"twitter:card\" content=\"summary_large_image\" \/>\n<meta name=\"twitter:label1\" content=\"Est. reading time\" \/>\n\t<meta name=\"twitter:data1\" content=\"4 minutes\" \/>\n<!-- \/ Yoast SEO plugin. -->","yoast_head_json":{"title":"Dr. med. Anja Albrecht | Fertility Doctor in Munich","description":"The fertility doctor Dr. med. Anja Albrecht is an experienced specialist in gynecology and obstetrics. Make an appointment online now","robots":{"index":"noindex","follow":"follow"},"og_locale":"en_US","og_type":"article","og_title":"Dr. med. Anja Albrecht | Fertility Doctor in Munich","og_description":"The fertility doctor Dr. med. Anja Albrecht is an experienced specialist in gynecology and obstetrics. Make an appointment online now","og_url":"https:\/\/kinderwunschaerztin.de\/en\/meine-aerztin\/dr-med-anja-albrecht\/","og_site_name":"Dr. med. Corinna Mann - Die Kinderwunsch\u00e4rztin","article_modified_time":"2024-12-18T11:03:07+00:00","twitter_card":"summary_large_image","twitter_misc":{"Est. reading time":"4 minutes"},"schema":{"@context":"https:\/\/schema.org","@graph":[{"@type":"WebPage","@id":"https:\/\/kinderwunschaerztin.de\/en\/meine-aerztin\/dr-med-anja-albrecht\/","url":"https:\/\/kinderwunschaerztin.de\/en\/meine-aerztin\/dr-med-anja-albrecht\/","name":"Dr. med. Anja Albrecht | Fertility Doctor in Munich","isPartOf":{"@id":"https:\/\/kinderwunschaerztin.de\/en\/#website"},"datePublished":"2024-03-28T09:07:24+00:00","dateModified":"2024-12-18T11:03:07+00:00","description":"The fertility doctor Dr. med. Anja Albrecht is an experienced specialist in gynecology and obstetrics. Make an appointment online now","breadcrumb":{"@id":"https:\/\/kinderwunschaerztin.de\/en\/meine-aerztin\/dr-med-anja-albrecht\/#breadcrumb"},"inLanguage":"en-US","potentialAction":[{"@type":"ReadAction","target":["https:\/\/kinderwunschaerztin.de\/en\/meine-aerztin\/dr-med-anja-albrecht\/"]}]},{"@type":"BreadcrumbList","@id":"https:\/\/kinderwunschaerztin.de\/en\/meine-aerztin\/dr-med-anja-albrecht\/#breadcrumb","itemListElement":[{"@type":"ListItem","position":1,"name":"Kinderwunsch\u00e4rztin","item":"https:\/\/kinderwunschaerztin.de\/en\/"},{"@type":"ListItem","position":2,"name":"Meine \u00c4rztin","item":"https:\/\/kinderwunschaerztin.de\/en\/?page_id=743"},{"@type":"ListItem","position":3,"name":"Dr. med. Anja Albrecht"}]},{"@type":"WebSite","@id":"https:\/\/kinderwunschaerztin.de\/en\/#website","url":"https:\/\/kinderwunschaerztin.de\/en\/","name":"Dr. med. Corinna Mann - Die Kinderwunsch\u00e4rztin","description":"Privatpraxis f\u00fcr Kinderwunsch und Frauenhormone in M\u00fcnchen","publisher":{"@id":"https:\/\/kinderwunschaerztin.de\/en\/#organization"},"potentialAction":[{"@type":"SearchAction","target":{"@type":"EntryPoint","urlTemplate":"https:\/\/kinderwunschaerztin.de\/en\/?s={search_term_string}"},"query-input":{"@type":"PropertyValueSpecification","valueRequired":true,"valueName":"search_term_string"}}],"inLanguage":"en-US"},{"@type":"Organization","@id":"https:\/\/kinderwunschaerztin.de\/en\/#organization","name":"Dr. med. Corinna Mann | Kinderwunsch\u00e4rztin","url":"https:\/\/kinderwunschaerztin.de\/en\/","logo":{"@type":"ImageObject","inLanguage":"en-US","@id":"https:\/\/kinderwunschaerztin.de\/en\/#\/schema\/logo\/image\/","url":"https:\/\/kinderwunschaerztin.de\/wp-content\/uploads\/2019\/03\/CM_Favicon.png","contentUrl":"https:\/\/kinderwunschaerztin.de\/wp-content\/uploads\/2019\/03\/CM_Favicon.png","width":954,"height":725,"caption":"Dr. med. Corinna Mann | Kinderwunsch\u00e4rztin"},"image":{"@id":"https:\/\/kinderwunschaerztin.de\/en\/#\/schema\/logo\/image\/"}}]}},"_links":{"self":[{"href":"https:\/\/kinderwunschaerztin.de\/en\/wp-json\/wp\/v2\/pages\/5931","targetHints":{"allow":["GET"]}}],"collection":[{"href":"https:\/\/kinderwunschaerztin.de\/en\/wp-json\/wp\/v2\/pages"}],"about":[{"href":"https:\/\/kinderwunschaerztin.de\/en\/wp-json\/wp\/v2\/types\/page"}],"author":[{"embeddable":true,"href":"https:\/\/kinderwunschaerztin.de\/en\/wp-json\/wp\/v2\/users\/4"}],"replies":[{"embeddable":true,"href":"https:\/\/kinderwunschaerztin.de\/en\/wp-json\/wp\/v2\/comments?post=5931"}],"version-history":[{"count":18,"href":"https:\/\/kinderwunschaerztin.de\/en\/wp-json\/wp\/v2\/pages\/5931\/revisions"}],"predecessor-version":[{"id":6636,"href":"https:\/\/kinderwunschaerztin.de\/en\/wp-json\/wp\/v2\/pages\/5931\/revisions\/6636"}],"up":[{"embeddable":true,"href":"https:\/\/kinderwunschaerztin.de\/en\/wp-json\/wp\/v2\/pages\/743"}],"wp:attachment":[{"href":"https:\/\/kinderwunschaerztin.de\/en\/wp-json\/wp\/v2\/media?parent=5931"}],"curies":[{"name":"wp","href":"https:\/\/api.w.org\/{rel}","templated":true}]}}