{"id":6536,"date":"2024-10-24T14:56:26","date_gmt":"2024-10-24T13:56:26","guid":{"rendered":"https:\/\/kinderwunschaerztin.de\/?page_id=6536"},"modified":"2025-01-23T11:11:45","modified_gmt":"2025-01-23T10:11:45","slug":"dr-med-annika-gerber","status":"publish","type":"page","link":"https:\/\/kinderwunschaerztin.de\/en\/meine-aerztin\/dr-med-annika-gerber\/","title":{"rendered":"Dr. med. Annika Gerber"},"content":{"rendered":"\n    <section class=\"imagebg space--md\" data-overlay=\"3\">\n        <div class=\"background-image-holder\"> <img alt=\"Bannerbild der Kinderwunsch\u00e4rztin Dr. Annika Gerber\" src=\"https:\/\/kinderwunschaerztin.de\/wp-content\/uploads\/Dr.-Annika-Gerber-1.png\"> <\/div>\n        <div class=\"container\">\n            <div class=\"row\">\n                <div class=\"col-sm-10 col-md-8\">\n                    <h1>Dr. med. Annika Gerber<\/h1>\n                    <hr>\n                    <h2>Empathy, Patience &amp; Highest Professional Competence<\/h2>\n                <\/div>\n            <\/div>\n            <!--end of row-->\n        <\/div>\n        <!--end of container-->\n    <\/section>\n    <section class=\"space--sm unpad--bottom switchable testimonial testimonial-1\">\n        <div class=\"container\">\n            <div class=\"row\">\n                <div class=\"col-sm-6 col-md-6\"><img alt=\"Foto von Dr. Annika Gerber - Kinderwunsch\u00e4rztin in M\u00fcnchen\" src=\"https:\/\/kinderwunschaerztin.de\/wp-content\/uploads\/Dr_Annika_Gerber_Foto1jpg.jpg\"><\/div>\n                <div class=\"col-sm-6\">\n                    <div class=\"switchable__text\">\n                        <blockquote>\n                            <p><em>\u201eAs a reproductive medicine specialist and a mother of twins, I understand the emotional highs and lows that come with the journey to parenthood. With great empathy and the highest medical expertise, I support you on your path. It is important to me not only to offer the best possible diagnostics and therapy but also to understand your emotions and assist you during this challenging time. After all, behind every desire for children is a unique couple or individual with their own personal story.\"<\/em><\/p>\n                        <\/blockquote>\n                        <h5><strong>Dr. med. Annika Gerber<\/strong><\/h5>\n                        <p>&nbsp;<\/p>\n                    <\/div>\n                <\/div>\n            <\/div>\n            <!--end of row-->\n        <\/div>\n        <!--end of container-->\n    <\/section>\n    <section class=\"switchable feature-large  text-justify\">\n        <div class=\"container\">\n            <div class=\"row\">\n                <div class=\"col-sm-6 col-md-5\">\n                    <div class=\"switchable__text\">\n                        <h2>Dr. med. Annika Gerber<\/h2>\n                        <ul>\n                            <li style=\"text-align: left;\">(Employee)<\/li>\n                        <\/ul>\n                        <div class=\"flex-1 overflow-hidden\">\n                            <div class=\"react-scroll-to-bottom--css-uioff-79elbk h-full\">\n                                <div class=\"react-scroll-to-bottom--css-uioff-1n7m0yu\">\n                                    <div class=\"flex flex-col text-sm pb-9\">\n                                        <div class=\"w-full text-token-text-primary\" data-testid=\"conversation-turn-109\">\n                                            <div class=\"px-4 py-2 justify-center text-base md:gap-6 m-auto\">\n                                                <div class=\"flex flex-1 text-base mx-auto gap-3 md:px-5 lg:px-1 xl:px-5 md:max-w-3xl lg:max-w-[[[[[[[[[[40rem]]]]]]]]]] xl:max-w-[[[[[[[[[[48rem]]]]]]]]]] group final-completion\">\n                                                    <div class=\"relative flex w-full flex-col agent-turn\">\n                                                        <div class=\"flex-col gap-1 md:gap-3\">\n                                                            <div class=\"flex flex-grow flex-col max-w-full\">\n                                                                <div class=\"min-h-[[[[[[[[[[20px]]]]]]]]]] text-message flex flex-col items-start gap-3 whitespace-pre-wrap break-words [[[[[[[[[[.text-message+&amp;]]]]]]]]]]:mt-5 overflow-x-auto\" data-message-author-role=\"assistant\" data-message-id=\"28b1edfb-afb5-4c7b-b83d-12f75da96d7d\">\n                                                                    <div class=\"markdown prose w-full break-words dark:prose-invert light\">\n                                                                        <p>The desire to have children is a central life theme for many couples, filled with high expectations and hopes. However, the path to having a child can often be marked by unforeseen challenges. Infertility can stem from numerous causes and is frequently accompanied by emotional stress. In such times, it is crucial to have an experienced specialist by your side who addresses individual needs and outlines the appropriate steps for support.<\/p>\n                                                                        <p>Dr. Annika Gerber, a specialist in gynecology and obstetrics, has focused her practice on treating individuals and couples with fertility issues, bringing extensive experience from her medical career. After completing her medical training at the University Hospital Hamburg-Eppendorf, she gained valuable knowledge in endocrinology and reproductive medicine through various positions, including at the 'Center for <span>Assisted Fertility Treatment <\/span><span>and Fertility Preservation' <\/span><span>in Berlin-Zehlendorf<\/span> and the '<span>Kinderwunsch Centrum' in Munich.<\/span><\/p>\n                                                                        <p>At our fertility center 'Die Kinderwunsch\u00e4rztin', Dr. Gerber meets her patients with empathy and a clear focus on individualized solutions. She begins with a thorough initial consultation, taking your concerns and questions seriously. Together, you will then develop tailored diagnostic steps and treatment plans based on the latest medical findings. For Dr. Gerber, it is particularly important that you feel well-prepared and comfortable throughout the entire process.<\/p>\n                                                                        <p>Dr. Annika Gerber is comitted to provide comprehensive support, both medically and emotionally, on your journey to fulfilling your desire for children. She brings not only expertise but also a deep understanding of the individual challenges that patients and couples face during this sensitive phase.<\/p>\n                                                                    <\/div>\n                                                                <\/div>\n                                                            <\/div>\n                                                        <\/div>\n                                                    <\/div>\n                                                <\/div>\n                                            <\/div>\n                                        <\/div>\n                                    <\/div>\n                                <\/div>\n                            <\/div>\n                        <\/div>\n                    <\/div>\n                <\/div>\n                <div class=\"col-sm-6\">\n                    <div class=\"boxed boxed--lg boxed--border\">\n                        <div class=\"feature feature-2\"> <i class=\"icon color--primary icon-Medical-Sign\"><\/i>\n                            <div class=\"feature__body\">\n                                <h5><span>First-Class Evidence-Based Medicine<\/span><\/h5>\n                                <p><span>Dr. Annika Gerber, a highly experienced specialist in gynecology and obstetrics, is well-versed in treating patients with fertility concerns.<\/span><\/p>\n                            <\/div>\n                        <\/div>\n                        <!--end feature-->\n                        <div class=\"feature feature-2\"> <i class=\"icon color--primary icon-Gears\"><\/i>\n                            <div class=\"feature__body\">\n                                <h5>Personalized Treatment<\/h5>\n                                <p>At our fertility center 'Die Kinderwunsch\u00e4rztin', I offer you comprehensive treatment tailored to your individual needs. I utilize modern and proven methods to enhance your chances of pregnancy. This includes both natural approaches and assisted reproductive techniques such as insemination and <a href=\"https:\/\/kinderwunschaerztin.de\/en\/kinderwunsch\/ivf-icsi\/\">IVF<\/a>. Throughout the entire treatment process, I personally accompany you and ensure that you are informed about every step of the treatment. Transparency and bulding a trustful<span> <\/span>doctor-patient<span>relationship<\/span> are important to me, so that you feel comfortable in our fertility clinic.<\/p>\n                            <\/div>\n                        <\/div>\n                        <!--end feature-->\n                        <div class=\"feature feature-2\"> <i class=\"icon color--primary icon-Find-User\"><\/i>\n                            <div class=\"feature__body\">\n                                <p><strong>Personal Care<\/strong><\/p>\n                                <p>The unfulfilled desire to have children is a very sensitive and emotional issue. As a specialist in gynecology and obstetrics, I am dedicated to providing you with compassionate and personalized care during this important life stage. I take time to listen to your questions and concerns, working together to craft a treatment plan that suits your needs. Through regular discussions and personal contact, I make sure that you feel well cared for throughout the entire process. My goal is to help you achieve your dream of parenthood.<\/p>\n                            <\/div>\n                        <\/div>\n                        <div class=\"feature feature-2\"> <i class=\"icon color--primary material-icons\">language<\/i>\n                            <div class=\"feature__body\">\n                                <p><strong>Languages<\/strong><\/p>\n                                <p>German and English.<\/p>\n                            <\/div>\n                        <\/div>\n                        <!--end feature-->\n                    <\/div>\n                <\/div>\n            <\/div>\n            <!--end of row-->\n        <\/div>\n        <!--end of container-->\n    <\/section>\n    <section class=\"space--xs  bg--primary\">\n        <div class=\"container\">\n            <div class=\"row\">\n                <div class=\"cta cta--horizontal text-center-xs\">\n                    <div class=\"col-sm-4\">\n                        <h4><b>Would you like to make an appointment for an initial consultation<\/b><b>? <\/b><\/h4>\n                    <\/div>\n                    <div class=\"col-sm-5\">\n                        <p class=\"lead\">We look forward to accompanying you personally! <\/p>\n                    <\/div>\n                    <div class=\"col-sm-3 text-right text-center-xs\">\n                        <a class=\"btn btn--primary type--uppercase\" href=\"https:\/\/app.arzt-direkt.de\/kinderwunschaerztin\/booking\" target=\"\" title=\"\" rel=\"\"> <span class=\"btn__text\">Make an Appointment<\/span> <\/a>\n                    <\/div>\n                <\/div>\n            <\/div>\n            <!--end of row-->\n        <\/div>\n        <!--end of container-->\n    <\/section>\n    <section>\n        <div class=\"container\">\n            <div class=\"row\">\n                <div class=\"col-md-6 col-sm-12\">\n                    <h3>Qualification<\/h3>\n                    <hr>\n                    <p class=\"lead\"><strong><span style=\"color: #f93450;\">\u2192<\/span> <span>Specialist in Obstetrics and Gynecology<\/span><\/strong> (The North Rhine State Chamber of Physicians)<\/p>\n                    <p class=\"lead\"><strong><span style=\"color: #f93450;\">\u2192 <\/span><\/strong><strong><span>Qualification in subject-specific Genetic Counseling<\/span><\/strong><\/p>\n                    <p class=\"lead\"><strong><span style=\"color: #f93450;\">\u2192<\/span> <span>FCOG Part II<\/span><\/strong> (Fellowship of the College of Obstetrics and Gynecology of South Africa) University of the Witwatersrand, Johannesburg, South Africa<\/p>\n                    <p class=\"lead\"><strong><span style=\"color: #f93450;\">\u2192 <\/span><\/strong><strong><span>DEGUM Level I, Advanced Training in Prenatal Medicine<\/span><\/strong><\/p>\n                    <p class=\"lead\"><strong><span style=\"color: #f93450;\">\u2192 <\/span><\/strong><strong><span><span>Medical licensure - <\/span><\/span><\/strong><span><strong>Studies of Human Medicine<\/strong> at the University Medical Center Hamburg Eppendorf<\/span><\/p>\n                    <p class=\"lead\"><strong><span style=\"color: #f93450;\">\u2192 <\/span><\/strong><strong><span><span>PhD, dissertation title: \"The Influence of Nitroalkenes on the Pathophysiology of Pulmonary Arterial Hypertension\"<\/span><\/span><\/strong><\/p>\n                    <p>&nbsp;<\/p>\n                <\/div>\n                <div class=\"col-md-6 col-sm-12\"> <\/div>\n            <\/div>\n        <\/div>\n    <\/section>\n    <section>\n        <div class=\"container\">\n            <div class=\"row\">\n                <div class=\"col-sm-12\">\n                    <h3><span>Professional Experience<\/span><\/h3>\n                    <hr>\n                    <p class=\"lead\"><strong>Since 11\/2024 <\/strong><span><span>Fertility Specialist at the Fertility Clinic of Dr. med. Corinna Mann 'Die Kinderwunsch\u00e4rztin'<\/span><\/span>\n                    <\/p>\n                    <p class=\"lead\"><strong>10\/2023 - 10\/2024 <\/strong><span>Advanced Training in Endocrinology and Reproductive Medicine, 'Kinderwunsch Centrum' Munich, Pasing<\/span><\/p>\n                    <p class=\"lead\"><strong>05\/2021 - 05\/2022 <\/strong><span>Advanced Training in Endocrinology and Reproductive Medicine, 'Kinderwunsch\u00e4rzte' Berlin, Zehlendorf<\/span><\/p>\n                    <p class=\"lead\"><strong>01\/2020 - 12\/2020 <\/strong><span>Volunteership, University of the Witwatersrand Charlotte Maxeke Academic Hospital \/ Department of Gynecology and Obstetrics, Johannesburg, South Africa<\/span><\/p>\n                    <p class=\"lead\"><strong>11\/20216 - 08\/2019 <\/strong><span>University Hospital Cologne \/ Department of Gynecology and Obstetrics, Cologne, Germany, Prof. Dr. P. Mallmann<br>Managed the reproductive medicine outpatient clinic, Prof. Dr. G. Rahimi<\/span><\/p>\n                    <p class=\"lead\"><strong><strong>04\/2018 - 05\/2018<\/strong>&nbsp; <\/strong>Volunteership, University of the Witwatersrand Chris Hani Baragwanath Academic Hospital \/ Department of Gynecology and Obstetrics, Johannesburg, South Africa, Prof. Yasmin Adam<\/p>\n                    <p class=\"lead\"><strong><strong>03\/2014 - 10\/2016<\/strong> <\/strong><span>University Hospital Berlin Charit\u00e9 \/ Department of Obstetrics, Berlin, Campus Charit\u00e9 Mitte and Campus Charit\u00e9 Virchow, Prof. Dr. W. Henrich<\/span><\/p>\n                    <p class=\"lead\"><strong><strong>2013-2014<\/strong> <\/strong><span>Practical Year, New Somerset Hospital, Cape Town, South Africa, and University Medical Center Hamburg-Eppendorf<\/span><\/p>\n                    <p class=\"lead\"><strong>10\/2007- 10\/2013<\/strong>&nbsp;S<span>tudy of Human Medicine at the Universities of T\u00fcbingen, Bordeaux, and Strasbourg<\/span><span>g<\/span><\/p>\n                    <div class=\"flex-shrink-0 flex flex-col relative items-end\">\n                        <div>\n                            <div class=\"pt-0\">\n                                <div class=\"gizmo-bot-avatar flex h-8 w-8 items-center justify-center overflow-hidden rounded-full\">\n                                    <div class=\"relative p-1 rounded-sm flex items-center justify-center bg-token-main-surface-primary text-token-text-primary h-8 w-8\">&nbsp;<\/div>\n                                <\/div>\n                            <\/div>\n                        <\/div>\n                    <\/div>\n                    <div class=\"group\/conversation-turn relative flex w-full min-w-0 flex-col agent-turn\">\n                        <div class=\"flex-col gap-1 md:gap-3\">\n                            <div class=\"flex max-w-full flex-col flex-grow\">\n                                <div class=\"min-h-8 text-message flex w-full flex-col items-end gap-2 whitespace-normal break-words [[[.text-message+&amp;]]]:mt-5\" dir=\"auto\" data-message-author-role=\"assistant\" data-message-id=\"858b8f5b-cbe7-4f5c-ac7f-9e5ca71f3040\" data-message-model-slug=\"gpt-4o\">\n                                    <div class=\"flex w-full flex-col gap-1 empty:hidden first:pt-[[[3px]]]]]]\">\n                                        <div class=\"markdown prose w-full break-words dark:prose-invert light\">\n                                            <p>&nbsp;<\/p>\n                                        <\/div>\n                                    <\/div>\n                                <\/div>\n                            <\/div>\n                        <\/div>\n                    <\/div>\n                <\/div>\n            <\/div>\n        <\/div>\n    <\/section>\n    \n","protected":false},"excerpt":{"rendered":"<p>Dr. med. Annika Gerber Empathy, Patience &amp; Highest Professional Competence \u201eAs a reproductive medicine specialist and a mother of twins, I understand&#8230;<\/p>\n","protected":false},"author":4,"featured_media":0,"parent":743,"menu_order":0,"comment_status":"closed","ping_status":"closed","template":"","meta":{"footnotes":""},"class_list":["post-6536","page","type-page","status-publish","hentry"],"yoast_head":"<!-- This site is optimized with the Yoast SEO plugin v24.5 - https:\/\/yoast.com\/wordpress\/plugins\/seo\/ -->\n<title>Dr. med. Annika Gerber | Fertility Doctor in Munich<\/title>\n<meta name=\"description\" content=\"The fertility doctor Dr. med. Anja Albrecht is an experienced specialist in gynecology and obstetrics. Make an appointment online now\" \/>\n<meta name=\"robots\" content=\"noindex, follow\" \/>\n<meta property=\"og:locale\" content=\"en_US\" \/>\n<meta property=\"og:type\" content=\"article\" \/>\n<meta property=\"og:title\" content=\"Dr. med. Annika Gerber | Fertility Doctor in Munich\" \/>\n<meta property=\"og:description\" content=\"The fertility doctor Dr. med. Anja Albrecht is an experienced specialist in gynecology and obstetrics. Make an appointment online now\" \/>\n<meta property=\"og:url\" content=\"https:\/\/kinderwunschaerztin.de\/en\/meine-aerztin\/dr-med-annika-gerber\/\" \/>\n<meta property=\"og:site_name\" content=\"Dr. med. Corinna Mann - Die Kinderwunsch\u00e4rztin\" \/>\n<meta property=\"article:modified_time\" content=\"2025-01-23T10:11:45+00:00\" \/>\n<meta name=\"twitter:card\" content=\"summary_large_image\" \/>\n<meta name=\"twitter:label1\" content=\"Est. reading time\" \/>\n\t<meta name=\"twitter:data1\" content=\"4 minutes\" \/>\n<!-- \/ Yoast SEO plugin. -->","yoast_head_json":{"title":"Dr. med. Annika Gerber | Fertility Doctor in Munich","description":"The fertility doctor Dr. med. Anja Albrecht is an experienced specialist in gynecology and obstetrics. Make an appointment online now","robots":{"index":"noindex","follow":"follow"},"og_locale":"en_US","og_type":"article","og_title":"Dr. med. Annika Gerber | Fertility Doctor in Munich","og_description":"The fertility doctor Dr. med. Anja Albrecht is an experienced specialist in gynecology and obstetrics. Make an appointment online now","og_url":"https:\/\/kinderwunschaerztin.de\/en\/meine-aerztin\/dr-med-annika-gerber\/","og_site_name":"Dr. med. Corinna Mann - Die Kinderwunsch\u00e4rztin","article_modified_time":"2025-01-23T10:11:45+00:00","twitter_card":"summary_large_image","twitter_misc":{"Est. reading time":"4 minutes"},"schema":{"@context":"https:\/\/schema.org","@graph":[{"@type":"WebPage","@id":"https:\/\/kinderwunschaerztin.de\/en\/meine-aerztin\/dr-med-annika-gerber\/","url":"https:\/\/kinderwunschaerztin.de\/en\/meine-aerztin\/dr-med-annika-gerber\/","name":"Dr. med. Annika Gerber | Fertility Doctor in Munich","isPartOf":{"@id":"https:\/\/kinderwunschaerztin.de\/en\/#website"},"datePublished":"2024-10-24T13:56:26+00:00","dateModified":"2025-01-23T10:11:45+00:00","description":"The fertility doctor Dr. med. Anja Albrecht is an experienced specialist in gynecology and obstetrics. Make an appointment online now","breadcrumb":{"@id":"https:\/\/kinderwunschaerztin.de\/en\/meine-aerztin\/dr-med-annika-gerber\/#breadcrumb"},"inLanguage":"en-US","potentialAction":[{"@type":"ReadAction","target":["https:\/\/kinderwunschaerztin.de\/en\/meine-aerztin\/dr-med-annika-gerber\/"]}]},{"@type":"BreadcrumbList","@id":"https:\/\/kinderwunschaerztin.de\/en\/meine-aerztin\/dr-med-annika-gerber\/#breadcrumb","itemListElement":[{"@type":"ListItem","position":1,"name":"Kinderwunsch\u00e4rztin","item":"https:\/\/kinderwunschaerztin.de\/en\/"},{"@type":"ListItem","position":2,"name":"Meine \u00c4rztin","item":"https:\/\/kinderwunschaerztin.de\/en\/?page_id=743"},{"@type":"ListItem","position":3,"name":"Dr. med. Annika Gerber"}]},{"@type":"WebSite","@id":"https:\/\/kinderwunschaerztin.de\/en\/#website","url":"https:\/\/kinderwunschaerztin.de\/en\/","name":"Dr. med. Corinna Mann - Die Kinderwunsch\u00e4rztin","description":"Privatpraxis f\u00fcr Kinderwunsch und Frauenhormone in M\u00fcnchen","publisher":{"@id":"https:\/\/kinderwunschaerztin.de\/en\/#organization"},"potentialAction":[{"@type":"SearchAction","target":{"@type":"EntryPoint","urlTemplate":"https:\/\/kinderwunschaerztin.de\/en\/?s={search_term_string}"},"query-input":{"@type":"PropertyValueSpecification","valueRequired":true,"valueName":"search_term_string"}}],"inLanguage":"en-US"},{"@type":"Organization","@id":"https:\/\/kinderwunschaerztin.de\/en\/#organization","name":"Dr. med. Corinna Mann | Kinderwunsch\u00e4rztin","url":"https:\/\/kinderwunschaerztin.de\/en\/","logo":{"@type":"ImageObject","inLanguage":"en-US","@id":"https:\/\/kinderwunschaerztin.de\/en\/#\/schema\/logo\/image\/","url":"https:\/\/kinderwunschaerztin.de\/wp-content\/uploads\/2019\/03\/CM_Favicon.png","contentUrl":"https:\/\/kinderwunschaerztin.de\/wp-content\/uploads\/2019\/03\/CM_Favicon.png","width":954,"height":725,"caption":"Dr. med. Corinna Mann | Kinderwunsch\u00e4rztin"},"image":{"@id":"https:\/\/kinderwunschaerztin.de\/en\/#\/schema\/logo\/image\/"}}]}},"_links":{"self":[{"href":"https:\/\/kinderwunschaerztin.de\/en\/wp-json\/wp\/v2\/pages\/6536","targetHints":{"allow":["GET"]}}],"collection":[{"href":"https:\/\/kinderwunschaerztin.de\/en\/wp-json\/wp\/v2\/pages"}],"about":[{"href":"https:\/\/kinderwunschaerztin.de\/en\/wp-json\/wp\/v2\/types\/page"}],"author":[{"embeddable":true,"href":"https:\/\/kinderwunschaerztin.de\/en\/wp-json\/wp\/v2\/users\/4"}],"replies":[{"embeddable":true,"href":"https:\/\/kinderwunschaerztin.de\/en\/wp-json\/wp\/v2\/comments?post=6536"}],"version-history":[{"count":9,"href":"https:\/\/kinderwunschaerztin.de\/en\/wp-json\/wp\/v2\/pages\/6536\/revisions"}],"predecessor-version":[{"id":6741,"href":"https:\/\/kinderwunschaerztin.de\/en\/wp-json\/wp\/v2\/pages\/6536\/revisions\/6741"}],"up":[{"embeddable":true,"href":"https:\/\/kinderwunschaerztin.de\/en\/wp-json\/wp\/v2\/pages\/743"}],"wp:attachment":[{"href":"https:\/\/kinderwunschaerztin.de\/en\/wp-json\/wp\/v2\/media?parent=6536"}],"curies":[{"name":"wp","href":"https:\/\/api.w.org\/{rel}","templated":true}]}}