{"id":6724,"date":"2025-01-22T16:02:35","date_gmt":"2025-01-22T15:02:35","guid":{"rendered":"https:\/\/kinderwunschaerztin.de\/?page_id=6724"},"modified":"2025-01-30T14:03:22","modified_gmt":"2025-01-30T13:03:22","slug":"dott-mag-sara-comploj","status":"publish","type":"page","link":"https:\/\/kinderwunschaerztin.de\/en\/meine-aerztin\/dott-mag-sara-comploj\/","title":{"rendered":"Dott. Mag. Sara Comploj"},"content":{"rendered":"\n    <section class=\"imagebg space--md\" data-overlay=\"3\">\n        <div class=\"background-image-holder\"> <img alt=\"\" src=\"https:\/\/kinderwunschaerztin.de\/wp-content\/uploads\/Dott.-Mag.-Sara-Comploj-Banner_3.png.jpg\"> <\/div>\n        <div class=\"container\">\n            <div class=\"row\">\n                <div class=\"col-sm-10 col-md-8\">\n                    <h1>Dott. Mag. Sara Comploj<\/h1>\n                    <hr>\n                    <h2>Empathy, Dedication &amp; First-Class Medical Expertise<\/h2>\n                <\/div>\n            <\/div>\n            <!--end of row-->\n        <\/div>\n        <!--end of container-->\n    <\/section>\n    <section class=\"space--sm unpad--bottom switchable testimonial testimonial-1\">\n        <div class=\"container\">\n            <div class=\"row\">\n                <div class=\"col-sm-6 col-md-6\"><img alt=\"\" src=\"https:\/\/kinderwunschaerztin.de\/wp-content\/uploads\/Dott.-Mag.-Sara-Comploj_Banner2.jpg\"><\/div>\n                <div class=\"col-sm-6\">\n                    <div class=\"switchable__text\">\n                        <blockquote>\n                            <p><em>\u201eEach path holds its own magic, and it\u2019s truly important to me to support women, men, and couples on their individual life journeys. With great dedication, I share their concerns, hopes, joys, and achievements, providing steady support and trust along the way.\"<\/em><\/p>\n                        <\/blockquote>\n                        <h5><strong>Dott.ssa Mag. Sara Comploj<\/strong><\/h5>\n                        <p>&nbsp;<\/p>\n                    <\/div>\n                <\/div>\n            <\/div>\n            <!--end of row-->\n        <\/div>\n        <!--end of container-->\n    <\/section>\n    <section class=\"switchable feature-large  text-justify\">\n        <div class=\"container\">\n            <div class=\"row\">\n                <div class=\"col-sm-6 col-md-5\">\n                    <div class=\"switchable__text\">\n                        <h2>Dott. Mag. Sara Comploj<\/h2>\n                        <ul>\n                            <li style=\"text-align: left;\">(Employee)<\/li>\n                        <\/ul>\n                        <div class=\"flex-1 overflow-hidden\">\n                            <div class=\"react-scroll-to-bottom--css-uioff-79elbk h-full\">\n                                <div class=\"react-scroll-to-bottom--css-uioff-1n7m0yu\">\n                                    <div class=\"flex flex-col text-sm pb-9\">\n                                        <div class=\"w-full text-token-text-primary\" data-testid=\"conversation-turn-109\">\n                                            <div class=\"px-4 py-2 justify-center text-base md:gap-6 m-auto\">\n                                                <div class=\"flex flex-1 text-base mx-auto gap-3 md:px-5 lg:px-1 xl:px-5 md:max-w-3xl lg:max-w-[[[[[[[[[[[[[[[[[[[[[[[[[[[[[[[[[[[[[[[[[[[[[[[[[[[[[[[[[[[[[[[[[[[[[[[[[[[[[[[[[[[[[[40rem]]]]]]]]]]]]]]]]]]]]]]]]]]]]]]]]]]]]]]]]]]]]]]]]]]]]]]]]]]]]]]]]]]]]]]]]]]]]]]]]]]]]]] xl:max-w-[[[[[[[[[[[[[[[[[[[[[[[[[[[[[[[[[[[[[[[[[[[[[[[[[[[[[[[[[[[[[[[[[[[[[[[[[[[[[[[[[[[[[[48rem]]]]]]]]]]]]]]]]]]]]]]]]]]]]]]]]]]]]]]]]]]]]]]]]]]]]]]]]]]]]]]]]]]]]]]]]]]]]]]]]]]]]]] group final-completion\">\n                                                    <div class=\"relative flex w-full flex-col agent-turn\">\n                                                        <div class=\"flex-col gap-1 md:gap-3\">\n                                                            <div class=\"flex flex-grow flex-col max-w-full\">\n                                                                <div class=\"min-h-[[[[[[[[[[[[[[[[[[[[[[[[[[[[[[[[[[[[[[[[[[[[[[[[[[[[[[[[[[[[[[[[[[[[[[[[[[[[[[[[[[[[[[20px]]]]]]]]]]]]]]]]]]]]]]]]]]]]]]]]]]]]]]]]]]]]]]]]]]]]]]]]]]]]]]]]]]]]]]]]]]]]]]]]]]]]]] text-message flex flex-col items-start gap-3 whitespace-pre-wrap break-words [[[[[[[[[[[[[[[[[[[[[[[[[[[[[[[[[[[[[[[[[[[[[[[[[[[[[[[[[[[[[[[[[[[[[[[[[[[[[[[[[[[[[[.text-message+&amp;]]]]]]]]]]]]]]]]]]]]]]]]]]]]]]]]]]]]]]]]]]]]]]]]]]]]]]]]]]]]]]]]]]]]]]]]]]]]]]]]]]]]]]:mt-5 overflow-x-auto\" data-message-author-role=\"assistant\" data-message-id=\"28b1edfb-afb5-4c7b-b83d-12f75da96d7d\">\n                                                                    <div class=\"markdown prose w-full break-words dark:prose-invert light\">\n                                                                        <p>For many people, the desire to have children is a central issue, that is filled with great hopes and expectations. However, the path to having a child is often full of unexpected challenges. This makes it all the more important to have trustworthy and empathetic support from an experienced specialist - who is dedicated to the individual needs of each couple and works on the basis of extensive medical expertise to fullfil their desire to have children.<\/p>\n                                                                        <div><span>Dott.ssa Mag. Sara Comploj, a specialist in gynaecology and obstetrics, began her medical career by studying human medicine at the Universities of Parma and Vita-Salute San Raffaele in Milan, Italy. She continued her professional career in Northern Germany to finally gain her in-depth expertise in the field of gynaecological endocrinology and reproductive medicine at one of Germany's leading institutions - amedes Hamburg.<\/span><\/div>\n                                                                        <div>&nbsp;<\/div>\n                                                                    <\/div>\n                                                                <\/div>\n                                                            <\/div>\n                                                        <\/div>\n                                                    <\/div>\n                                                <\/div>\n                                            <\/div>\n                                        <\/div>\n                                    <\/div>\n                                <\/div>\n                            <\/div>\n                        <\/div>\n                        <div class=\"flex-1 overflow-hidden\">\n                            <div class=\"react-scroll-to-bottom--css-uioff-79elbk h-full\">\n                                <div class=\"react-scroll-to-bottom--css-uioff-1n7m0yu\">\n                                    <div class=\"flex flex-col text-sm pb-9\">\n                                        <div class=\"w-full text-token-text-primary\" data-testid=\"conversation-turn-109\">\n                                            <div class=\"px-4 py-2 justify-center text-base md:gap-6 m-auto\">\n                                                <div class=\"flex flex-1 text-base mx-auto gap-3 md:px-5 lg:px-1 xl:px-5 md:max-w-3xl lg:max-w-[[[[[[[[[[[[[[[[[[[[[[[[[[[[[[[[[[[[[[[[[[[[[[[[[[[[[[[[[[[[[[[[[[[[[[[[[[[[[[[[[[[[[[40rem]]]]]]]]]]]]]]]]]]]]]]]]]]]]]]]]]]]]]]]]]]]]]]]]]]]]]]]]]]]]]]]]]]]]]]]]]]]]]]]]]]]]]] xl:max-w-[[[[[[[[[[[[[[[[[[[[[[[[[[[[[[[[[[[[[[[[[[[[[[[[[[[[[[[[[[[[[[[[[[[[[[[[[[[[[[[[[[[[[[48rem]]]]]]]]]]]]]]]]]]]]]]]]]]]]]]]]]]]]]]]]]]]]]]]]]]]]]]]]]]]]]]]]]]]]]]]]]]]]]]]]]]]]]] group final-completion\">\n                                                    <div class=\"relative flex w-full flex-col agent-turn\">\n                                                        <div class=\"flex-col gap-1 md:gap-3\">\n                                                            <div class=\"flex flex-grow flex-col max-w-full\">\n                                                                <div class=\"min-h-[[[[[[[[[[[[[[[[[[[[[[[[[[[[[[[[[[[[[[[[[[[[[[[[[[[[[[[[[[[[[[[[[[[[[[[[[[[[[[[[[[[[[[20px]]]]]]]]]]]]]]]]]]]]]]]]]]]]]]]]]]]]]]]]]]]]]]]]]]]]]]]]]]]]]]]]]]]]]]]]]]]]]]]]]]]]]] text-message flex flex-col items-start gap-3 whitespace-pre-wrap break-words [[[[[[[[[[[[[[[[[[[[[[[[[[[[[[[[[[[[[[[[[[[[[[[[[[[[[[[[[[[[[[[[[[[[[[[[[[[[[[[[[[[[[[.text-message+&amp;]]]]]]]]]]]]]]]]]]]]]]]]]]]]]]]]]]]]]]]]]]]]]]]]]]]]]]]]]]]]]]]]]]]]]]]]]]]]]]]]]]]]]]:mt-5 overflow-x-auto\" data-message-author-role=\"assistant\" data-message-id=\"28b1edfb-afb5-4c7b-b83d-12f75da96d7d\">\n                                                                    <div class=\"markdown prose w-full break-words dark:prose-invert light\">\n                                                                        <p>At our fertility clinic 'Die Kinderwunsch\u00e4rztin', Dott. Mag. Sara Comploj is dedicated to fulfilling your desire to have children. From the first detailed consultation, she takes the time to answer all of your questions thoroughly and to develop an individual treatment plan. She places great value on open communication, ensuring <span>that every medical step is comprehensible. Every couple has their own story and different needs. <\/span>Therefore, Dott. Mag. Comploj is particularly committed not only to providing you with expert medical care, but also to guiding you with empathy on your unique journey to parenthood.<\/p>\n                                                                    <\/div>\n                                                                    <p>&nbsp;<\/p>\n                                                                <\/div>\n                                                            <\/div>\n                                                        <\/div>\n                                                    <\/div>\n                                                <\/div>\n                                            <\/div>\n                                        <\/div>\n                                    <\/div>\n                                <\/div>\n                            <\/div>\n                        <\/div>\n                    <\/div>\n                <\/div>\n                <div class=\"col-sm-6\">\n                    <div class=\"boxed boxed--lg boxed--border\">\n                        <div class=\"feature feature-2\"> <i class=\"icon color--primary icon-Medical-Sign\"><\/i>\n                            <div class=\"feature__body\">\n                                <h5><span>First-Class Evidence-Based Medicine<\/span><\/h5>\n                                <p><span>Dott. Mag. Sara Comploj is an experienced specialist in gynecology and obstetrics, gynecological endocrinology, and reproductive medicine, with extensive expertise in treating fertility patients.<\/span><\/p>\n                            <\/div>\n                        <\/div>\n                        <!--end feature-->\n                        <div class=\"feature feature-2\"> <i class=\"icon color--primary icon-Gears\"><\/i>\n                            <div class=\"feature__body\">\n                                <h5>Extensive Medical Expertise<\/h5>\n                                <p>With many years of experience as a gynaecologist and specialised endocrinologist and reproductive medicine specialist, I have been able to gain in-depth knowledge of the various reasons for the unfulfilled desire to have children. Thanks to my holistic view and state-of-the-art diagnostic methods, together, we will find the best path to fulfilling your dream of having a child, whether through simple methods of cycle optimization or more complex treatments such as <a href=\"https:\/\/kinderwunschaerztin.de\/en\/kinderwunsch\/ivf-icsi\/\">IVF or ICSI<\/a>.<\/p>\n                            <\/div>\n                        <\/div>\n                        <!--end feature-->\n                        <div class=\"feature feature-2\"> <i class=\"icon color--primary icon-Find-User\"><\/i>\n                            <div class=\"feature__body\">\n                                <p><strong>Personal Care<\/strong><\/p>\n                                <p>At the fertility center 'Die Kinderwunsch\u00e4rztin', I am committed to helping you achieve your dream of having a child. I take plenty of time for each consultation, ensuring you receive professional and empathetic counselling, that all your questions are answered, and you are fully informed about every step of your treatment. It is important to me to establish a trusting doctor-patient relationship in which you feel heard and comfortable.<\/p>\n                            <\/div>\n                        <\/div>\n                        <div class=\"feature feature-2\"> <i class=\"icon color--primary material-icons\">language<\/i>\n                            <div class=\"feature__body\">\n                                <p><strong>Languages<\/strong><\/p>\n                                <p>German, Italian and English.<\/p>\n                            <\/div>\n                        <\/div>\n                        <!--end feature-->\n                    <\/div>\n                <\/div>\n            <\/div>\n            <!--end of row-->\n        <\/div>\n        <!--end of container-->\n    <\/section>\n    <section class=\"space--xs  bg--primary\">\n        <div class=\"container\">\n            <div class=\"row\">\n                <div class=\"cta cta--horizontal text-center-xs\">\n                    <div class=\"col-sm-4\">\n                        <h4><b>Would you like to make an appointment for an initial consultation<\/b><b>? <\/b><\/h4>\n                    <\/div>\n                    <div class=\"col-sm-5\">\n                        <p class=\"lead\">We look forward to accompanying you personally! <\/p>\n                    <\/div>\n                    <div class=\"col-sm-3 text-right text-center-xs\">\n                        <a class=\"btn btn--primary type--uppercase\" href=\"https:\/\/app.arzt-direkt.de\/kinderwunschaerztin\/booking\" target=\"\" title=\"\" rel=\"\"> <span class=\"btn__text\">Make an Appointment<\/span> <\/a>\n                    <\/div>\n                <\/div>\n            <\/div>\n            <!--end of row-->\n        <\/div>\n        <!--end of container-->\n    <\/section>\n    <section>\n        <div class=\"container\">\n            <div class=\"row\">\n                <div class=\"col-md-6 col-sm-12\">\n                    <h3>Qualification<\/h3>\n                    <hr>\n                    <p class=\"lead\"><strong><span style=\"color: #f93450;\">\u2192<\/span> Specialist training in Gynecology and Obstetrics<\/strong> (Schleswig-Holstein and Hamburg)<\/p>\n                    <p class=\"lead\"><strong><span style=\"color: #f93450;\">\u2192 <\/span><\/strong><strong><span>Specialized training in Gynecological Endocrinology and Reproductive Medicine<\/span><\/strong><span> (amedes Group)<\/span><\/p>\n                    <p class=\"lead\"><strong><span style=\"color: #f93450;\">\u2192 <\/span><\/strong><strong><span>Intensive courses I and II of the AG for Pediatric and Adolescent Gynecology<\/span><\/strong><\/p>\n                    <p class=\"lead\"><strong><span style=\"color: #f93450;\">\u2192 <\/span><\/strong><strong><span><span>Curriculum Psychosomatic Basic Care and Interaction-Based Case Work \/ VT-Balint Group<\/span><\/span><\/strong><span> (Dr. phil. Almut Dorn, Hamburg)<\/span><\/p>\n                    <p class=\"lead\"><strong><span style=\"color: #f93450;\">\u2192 <\/span><\/strong><strong><span><span>Medical License, Medical Studies, University of Parma &amp; University Vita-Salute San Raffaele in Milan<\/span><\/span><\/strong><\/p>\n                    <p class=\"lead\"><strong><span style=\"color: #f93450;\">\u2192 <span style=\"color: #000000;\">Doctoral thesis, dissertation title: \u201cPelvic Endometriosis \u2013 Laparoscopic Treatment\u201d<\/span><\/span><\/strong><\/p>\n                    <p>&nbsp;<\/p>\n                <\/div>\n                <div class=\"col-md-6 col-sm-12\"> <\/div>\n            <\/div>\n        <\/div>\n    <\/section>\n    <section>\n        <div class=\"container\">\n            <div class=\"row\">\n                <div class=\"col-sm-12\">\n                    <h3><span>Professional Experience<\/span><\/h3>\n                    <hr>\n                    <p class=\"lead\"><strong>Since 01\/2025 <\/strong><span><span>Fertility Specialist at the Fertility Clinic of Dr. med. Corinna Mann 'Die Kinderwunsch\u00e4rztin'<\/span><\/span>\n                    <\/p>\n                    <p class=\"lead\"><strong>04\/2021 - 11\/2024 <\/strong><span>Specialist in Gynecology and Obstetrics, Gynecological Endocrinology and Reproductive Medicine, Endokrinologikum Hamburg - amedes Group<\/span><\/p>\n                    <p class=\"lead\"><strong>02\/2018 \u2013 01\/2021 <\/strong><span>Resident in Gynecological Endocrinology and Reproductive Medicine, Amedes Barkhof Hamburg - amedes Group<\/span><\/p>\n                    <p class=\"lead\"><strong>10\/2017 \u2013 01\/2018 <\/strong><span>Specialist in Gynecology and Obstetrics, F\u00fcrni\u00df &amp; Prothmann \u2013 Practice for Women and Girls, Moelln-Schwarzenbek<\/span><\/p>\n                    <p class=\"lead\"><strong>07\/2017 \u2013 10\/2017 <\/strong><span>Resident in Gynecology and Obstetrics, F\u00fcrni\u00df &amp; Prothmann \u2013 Practice for Women and Girls, Moelln-Schwarzenbek<\/span><\/p>\n                    <p class=\"lead\"><strong>05\/2016 \u2013 07\/2017 <\/strong>Resident in Gynecology and Obstetrics, Practice for Women in Moelln-Schwarzenbek, Dr. Strobauch, Dr. Smolarek, Dr. F\u00fcrni\u00df-Ihns, Ms. Prothmann<\/p>\n                    <p class=\"lead\"><strong>05\/2014 \u2013 03\/2016 <\/strong><span>Resident in Gynecology and Obstetrics, Diakonie Klinikum Hamburg, Prof. Dr. Lindner<\/span><\/p>\n                    <p class=\"lead\"><strong>02\/2012 \u2013 04\/2014 <\/strong><span>Resident in Gynecology and Obstetrics, Regioklinikum Pinneberg, Dr. Geist, Dr. Paluchowski<\/span><\/p>\n                    <p class=\"lead\"><strong><span style=\"color: #000000;\">11\/2010 - 01\/2011<\/span><\/strong> Medical Studies, University Vita-Salute San Raffaele Milan, Italy<\/p>\n                    <p class=\"lead\"><strong><span style=\"color: #000000;\">10\/2004 - 10\/2010<\/span><\/strong> Medical Studies, University of Parma, Italy<\/p>\n                    <p>&nbsp;<\/p>\n                    <div class=\"flex-shrink-0 flex flex-col relative items-end\">\n                        <div>\n                            <div class=\"pt-0\">\n                                <div class=\"gizmo-bot-avatar flex h-8 w-8 items-center justify-center overflow-hidden rounded-full\">\n                                    <div class=\"relative p-1 rounded-sm flex items-center justify-center bg-token-main-surface-primary text-token-text-primary h-8 w-8\">&nbsp;<\/div>\n                                <\/div>\n                            <\/div>\n                        <\/div>\n                    <\/div>\n                    <div class=\"group\/conversation-turn relative flex w-full min-w-0 flex-col agent-turn\">\n                        <div class=\"flex-col gap-1 md:gap-3\">\n                            <div class=\"flex max-w-full flex-col flex-grow\">\n                                <div class=\"min-h-8 text-message flex w-full flex-col items-end gap-2 whitespace-normal break-words [[[[[[[[[[[[[[[[[[[[[[[[[.text-message+&amp;]]]]]]]]]]]]]]]]]]]]]]]]]:mt-5\" dir=\"auto\" data-message-author-role=\"assistant\" data-message-id=\"858b8f5b-cbe7-4f5c-ac7f-9e5ca71f3040\" data-message-model-slug=\"gpt-4o\">\n                                    <div class=\"flex w-full flex-col gap-1 empty:hidden first:pt-[[[[[[[[[[[[[[[[[[[[[[[[[3px]]]]]]]]]]]]]]]]]]]]]]]]]]]]]]]]]]]]]]]]]]]]]]]]]]]]]]\">\n                                        <div class=\"markdown prose w-full break-words dark:prose-invert light\">\n                                            <p>&nbsp;<\/p>\n                                        <\/div>\n                                    <\/div>\n                                <\/div>\n                            <\/div>\n                        <\/div>\n                    <\/div>\n                <\/div>\n            <\/div>\n        <\/div>\n    <\/section>\n    \n","protected":false},"excerpt":{"rendered":"<p>Dott. Mag. Sara Comploj Empathy, Dedication &amp; First-Class Medical Expertise \u201eEach path holds its own magic, and it\u2019s truly important to me&#8230;<\/p>\n","protected":false},"author":4,"featured_media":0,"parent":743,"menu_order":0,"comment_status":"closed","ping_status":"closed","template":"","meta":{"footnotes":""},"class_list":["post-6724","page","type-page","status-publish","hentry"],"yoast_head":"<!-- This site is optimized with the Yoast SEO plugin v24.5 - https:\/\/yoast.com\/wordpress\/plugins\/seo\/ -->\n<title>Dott. Mag. Sara Comploj | Fertility Doctor in Munich<\/title>\n<meta name=\"description\" content=\"The fertility doctor Dott. Mag. Sara Comploj is an experienced specialist in gynecology and obstetrics. Make an appointment online now\" \/>\n<meta name=\"robots\" content=\"noindex, follow\" \/>\n<meta property=\"og:locale\" content=\"en_US\" \/>\n<meta property=\"og:type\" content=\"article\" \/>\n<meta property=\"og:title\" content=\"Dott. Mag. Sara Comploj | Fertility Doctor in Munich\" \/>\n<meta property=\"og:description\" content=\"The fertility doctor Dott. Mag. Sara Comploj is an experienced specialist in gynecology and obstetrics. Make an appointment online now\" \/>\n<meta property=\"og:url\" content=\"https:\/\/kinderwunschaerztin.de\/en\/meine-aerztin\/dott-mag-sara-comploj\/\" \/>\n<meta property=\"og:site_name\" content=\"Dr. med. Corinna Mann - Die Kinderwunsch\u00e4rztin\" \/>\n<meta property=\"article:modified_time\" content=\"2025-01-30T13:03:22+00:00\" \/>\n<meta name=\"twitter:card\" content=\"summary_large_image\" \/>\n<meta name=\"twitter:label1\" content=\"Est. reading time\" \/>\n\t<meta name=\"twitter:data1\" content=\"5 minutes\" \/>\n<!-- \/ Yoast SEO plugin. -->","yoast_head_json":{"title":"Dott. Mag. Sara Comploj | Fertility Doctor in Munich","description":"The fertility doctor Dott. Mag. Sara Comploj is an experienced specialist in gynecology and obstetrics. Make an appointment online now","robots":{"index":"noindex","follow":"follow"},"og_locale":"en_US","og_type":"article","og_title":"Dott. Mag. Sara Comploj | Fertility Doctor in Munich","og_description":"The fertility doctor Dott. Mag. Sara Comploj is an experienced specialist in gynecology and obstetrics. Make an appointment online now","og_url":"https:\/\/kinderwunschaerztin.de\/en\/meine-aerztin\/dott-mag-sara-comploj\/","og_site_name":"Dr. med. Corinna Mann - Die Kinderwunsch\u00e4rztin","article_modified_time":"2025-01-30T13:03:22+00:00","twitter_card":"summary_large_image","twitter_misc":{"Est. reading time":"5 minutes"},"schema":{"@context":"https:\/\/schema.org","@graph":[{"@type":"WebPage","@id":"https:\/\/kinderwunschaerztin.de\/en\/meine-aerztin\/dott-mag-sara-comploj\/","url":"https:\/\/kinderwunschaerztin.de\/en\/meine-aerztin\/dott-mag-sara-comploj\/","name":"Dott. Mag. Sara Comploj | Fertility Doctor in Munich","isPartOf":{"@id":"https:\/\/kinderwunschaerztin.de\/en\/#website"},"datePublished":"2025-01-22T15:02:35+00:00","dateModified":"2025-01-30T13:03:22+00:00","description":"The fertility doctor Dott. Mag. Sara Comploj is an experienced specialist in gynecology and obstetrics. Make an appointment online now","breadcrumb":{"@id":"https:\/\/kinderwunschaerztin.de\/en\/meine-aerztin\/dott-mag-sara-comploj\/#breadcrumb"},"inLanguage":"en-US","potentialAction":[{"@type":"ReadAction","target":["https:\/\/kinderwunschaerztin.de\/en\/meine-aerztin\/dott-mag-sara-comploj\/"]}]},{"@type":"BreadcrumbList","@id":"https:\/\/kinderwunschaerztin.de\/en\/meine-aerztin\/dott-mag-sara-comploj\/#breadcrumb","itemListElement":[{"@type":"ListItem","position":1,"name":"Kinderwunsch\u00e4rztin","item":"https:\/\/kinderwunschaerztin.de\/en\/"},{"@type":"ListItem","position":2,"name":"Meine \u00c4rztin","item":"https:\/\/kinderwunschaerztin.de\/en\/?page_id=743"},{"@type":"ListItem","position":3,"name":"Dott. Mag. Sara Comploj"}]},{"@type":"WebSite","@id":"https:\/\/kinderwunschaerztin.de\/en\/#website","url":"https:\/\/kinderwunschaerztin.de\/en\/","name":"Dr. med. Corinna Mann - Die Kinderwunsch\u00e4rztin","description":"Privatpraxis f\u00fcr Kinderwunsch und Frauenhormone in M\u00fcnchen","publisher":{"@id":"https:\/\/kinderwunschaerztin.de\/en\/#organization"},"potentialAction":[{"@type":"SearchAction","target":{"@type":"EntryPoint","urlTemplate":"https:\/\/kinderwunschaerztin.de\/en\/?s={search_term_string}"},"query-input":{"@type":"PropertyValueSpecification","valueRequired":true,"valueName":"search_term_string"}}],"inLanguage":"en-US"},{"@type":"Organization","@id":"https:\/\/kinderwunschaerztin.de\/en\/#organization","name":"Dr. med. Corinna Mann | Kinderwunsch\u00e4rztin","url":"https:\/\/kinderwunschaerztin.de\/en\/","logo":{"@type":"ImageObject","inLanguage":"en-US","@id":"https:\/\/kinderwunschaerztin.de\/en\/#\/schema\/logo\/image\/","url":"https:\/\/kinderwunschaerztin.de\/wp-content\/uploads\/2019\/03\/CM_Favicon.png","contentUrl":"https:\/\/kinderwunschaerztin.de\/wp-content\/uploads\/2019\/03\/CM_Favicon.png","width":954,"height":725,"caption":"Dr. med. Corinna Mann | Kinderwunsch\u00e4rztin"},"image":{"@id":"https:\/\/kinderwunschaerztin.de\/en\/#\/schema\/logo\/image\/"}}]}},"_links":{"self":[{"href":"https:\/\/kinderwunschaerztin.de\/en\/wp-json\/wp\/v2\/pages\/6724","targetHints":{"allow":["GET"]}}],"collection":[{"href":"https:\/\/kinderwunschaerztin.de\/en\/wp-json\/wp\/v2\/pages"}],"about":[{"href":"https:\/\/kinderwunschaerztin.de\/en\/wp-json\/wp\/v2\/types\/page"}],"author":[{"embeddable":true,"href":"https:\/\/kinderwunschaerztin.de\/en\/wp-json\/wp\/v2\/users\/4"}],"replies":[{"embeddable":true,"href":"https:\/\/kinderwunschaerztin.de\/en\/wp-json\/wp\/v2\/comments?post=6724"}],"version-history":[{"count":35,"href":"https:\/\/kinderwunschaerztin.de\/en\/wp-json\/wp\/v2\/pages\/6724\/revisions"}],"predecessor-version":[{"id":6836,"href":"https:\/\/kinderwunschaerztin.de\/en\/wp-json\/wp\/v2\/pages\/6724\/revisions\/6836"}],"up":[{"embeddable":true,"href":"https:\/\/kinderwunschaerztin.de\/en\/wp-json\/wp\/v2\/pages\/743"}],"wp:attachment":[{"href":"https:\/\/kinderwunschaerztin.de\/en\/wp-json\/wp\/v2\/media?parent=6724"}],"curies":[{"name":"wp","href":"https:\/\/api.w.org\/{rel}","templated":true}]}}